{"id":115,"date":"2024-11-06T17:38:05","date_gmt":"2024-11-06T17:38:05","guid":{"rendered":"http:\/\/gegenlicht-buch.de\/?page_id=115"},"modified":"2024-11-06T20:57:46","modified_gmt":"2024-11-06T20:57:46","slug":"allgemeine-geschaeftsbedingungen","status":"publish","type":"page","link":"https:\/\/gegenlicht-buch.de\/gegenlicht-buch\/allgemeine-geschaeftsbedingungen\/","title":{"rendered":"Allgemeine Gesch\u00e4ftsbedingungen"},"content":{"rendered":"\t\t<div data-elementor-type=\"wp-page\" data-elementor-id=\"115\" class=\"elementor elementor-115\">\n\t\t\t\t<div class=\"elementor-element elementor-element-5858963 e-con-full e-flex e-con e-parent\" data-id=\"5858963\" data-element_type=\"container\" data-e-type=\"container\">\n\t\t\t\t<div class=\"elementor-element elementor-element-3471a71 elementor-widget elementor-widget-heading\" data-id=\"3471a71\" data-element_type=\"widget\" data-e-type=\"widget\" data-widget_type=\"heading.default\">\n\t\t\t\t<div class=\"elementor-widget-container\">\n\t\t\t\t\t<h2 class=\"elementor-heading-title elementor-size-default\">Allgemeine Gesch\u00e4ftsbedingungen<bR>\u201esalomon enterprises\u201c Stefan Wachner<\/h2>\t\t\t\t<\/div>\n\t\t\t\t<\/div>\n\t\t\t\t<div class=\"elementor-element elementor-element-a330866 elementor-widget elementor-widget-text-editor\" data-id=\"a330866\" data-element_type=\"widget\" data-e-type=\"widget\" data-widget_type=\"text-editor.default\">\n\t\t\t\t<div class=\"elementor-widget-container\">\n\t\t\t\t\t\t\t\t\t<ol><li><strong> Geltungsbereich<\/strong><\/li><li><strong>Vertragspartner<\/strong><\/li><li><strong>Vertragsschluss<\/strong><\/li><li><strong>Widerrufsrecht<\/strong><\/li><li><strong>Preise und Versandkosten<\/strong><\/li><li><strong>Lieferung<\/strong><\/li><li><strong>Zahlung<\/strong><\/li><li><strong>Eigentumsvorbehalt<\/strong><\/li><li><strong>Sachm\u00e4ngelgew\u00e4hrleistung<\/strong><\/li><li><strong>Streitbeilegung <\/strong><\/li><\/ol><ol><li><strong> Geltungsbereich<\/strong><\/li><\/ol><p>F\u00fcr alle Lieferungen von \u201ewww.gegenlicht-buch.de\u201c (nachfolgend: \u201egegenlicht-shop\u201c) an Verbraucher gelten diese Allgemeinen Gesch\u00e4ftsbedingungen (AGB).<\/p><p>Verbraucher ist jede nat\u00fcrliche Person, die ein Rechtsgesch\u00e4ft zu einem Zwecke abschlie\u00dft, der \u00fcberwiegend weder ihrer gewerblichen noch ihrer selbstst\u00e4ndigen beruflichen T\u00e4tigkeit zugerechnet werden kann.<\/p><ol start=\"2\"><li><strong> Vertragspartner<\/strong><\/li><\/ol><p>Der Kaufvertrag kommt zustande mit \u201esalomon enterprises,\u201c Inhaber: Stefan Wachner, Ueckerm\u00fcnder Str. 4 10439 Berlin<\/p><ol start=\"3\"><li><strong> Vertragsschluss<\/strong><\/li><\/ol><p>3.1. Die Darstellung des Buches im \u201egegenlicht-shop\u201c stellt kein rechtlich bindendes Angebot, sondern nur eine Aufforderung zur Bestellung dar.<\/p><p>3.2. Durch Anklicken des Buttons \u201eKaufen\/kostenpflichtig bestellen\u201c geben Sie eine verbindliche Bestellung des Buches ab. Ihr Kaufvertrag kommt zustande, wenn Ihre Bestellung durch eine Auftragsbest\u00e4tigung per E-Mail unmittelbar nach dem Erhalt Ihrer Bestellung angenommen wurde.<\/p><ol start=\"4\"><li><strong> Widerrufsrecht<\/strong><\/li><\/ol><p>4.1. Wenn Sie Verbraucher sind (also eine nat\u00fcrliche Person, die die Bestellung zu einem Zweck abgibt, der weder Ihrer gewerblichen oder selbst\u00e4ndigen beruflichen T\u00e4tigkeit zugerechnet werden kann), steht Ihnen nach Ma\u00dfgabe der gesetzlichen Bestimmungen ein Widerrufsrecht zu.<\/p><p>4.2. Machen Sie als Verbraucher von Ihrem Widerrufsrecht nach Ziffer 4.1 Gebrauch, so haben Sie die regelm\u00e4\u00dfigen Kosten der R\u00fccksendung zu tragen.<\/p><p>4.3. Im \u00dcbrigen gelten f\u00fcr das Widerrufsrecht die Regelungen, die im Einzelnen wiedergegeben sind in der folgenden<\/p><p><strong>Widerrufsbelehrung<br \/>Widerrufsrecht<\/strong><br \/>Sie haben das Recht, binnen vierzehn Tagen ohne Angabe von Gr\u00fcnden diesen Vertrag zu widerrufen.<br \/>Die Widerrufsfrist betr\u00e4gt vierzehn Tage ab dem Tag, an dem Sie oder ein von Ihnen benannter Dritter, der nicht der Bef\u00f6rderer ist, das Buch in Besitz genommen haben bzw. hat.<br \/>Um Ihr Widerrufsrecht auszu\u00fcben, m\u00fcssen Sie \u201esalomon enterprises,\u201c Stefan Wachner, Ueckerm\u00fcnder Str. 4,10439 Berlin, Tel.: +49 172 3042 749, gegenlicht@gegenlicht-buch.de mittels einer eindeutigen Erkl\u00e4rung (z.B. ein mit der Post versandter Brief oder eine E-Mail) Ihren Entschluss, diesen Vertrag zu widerrufen, mitteilen. Sie k\u00f6nnen daf\u00fcr das beigef\u00fcgte Muster-Widerrufsformular verwenden, das jedoch nicht vorgeschrieben ist. Machen Sie von dieser M\u00f6glichkeit Gebrauch, so werde ich Ihnen unverz\u00fcglich per E-Mail eine Best\u00e4tigung \u00fcber den Eingang eines solchen Widerrufs \u00fcbermitteln.<\/p><p>Zur Wahrung der Widerrufsfrist reicht es aus, dass Sie die Mitteilung \u00fcber die Aus\u00fcbung des Widerrufsrechts vor Ablauf der Widerrufsfrist absenden.<\/p><p><strong>Folgen des Widerrufs<br \/><\/strong>Wenn Sie diesen Vertrag widerrufen, habe ich Ihnen alle Zahlungen, die ich von Ihnen erhalten habe, einschlie\u00dflich der Lieferkosten (mit Ausnahme der zus\u00e4tzlichen Kosten, die sich daraus ergeben, dass Sie eine andere Art der Lieferung als die von mir angebotene, g\u00fcnstigste Standardlieferung gew\u00e4hlt haben), unverz\u00fcglich und sp\u00e4testens binnen vierzehn Tagen ab dem Tag zur\u00fcckzuzahlen, an dem die Mitteilung \u00fcber Ihren Widerruf dieses Vertrags bei mir eingegangen ist. F\u00fcr diese R\u00fcckzahlung verwende ich dasselbe Zahlungsmittel, das Sie bei der urspr\u00fcnglichen Transaktion eingesetzt haben, es sei denn, mit Ihnen wurde ausdr\u00fccklich etwas anderes vereinbart; in keinem Fall werden Ihnen wegen dieser R\u00fcckzahlung Entgelte berechnet. Ich kann die R\u00fcckzahlung verweigern, bis ich das Buch wieder zur\u00fcckerhalten haben oder bis Sie den Nachweis erbracht haben, dass Sie das Buch zur\u00fcckgesandt haben, je nachdem, welches der fr\u00fchere Zeitpunkt ist.<\/p><p>Sie haben das Buch unverz\u00fcglich und in jedem Fall sp\u00e4testens binnen vierzehn Tagen ab dem Tag, an dem Sie mich \u00fcber den Widerruf dieses Vertrages unterrichten, an mich zur\u00fcckzusenden oder zu \u00fcbergeben. Die Frist ist gewahrt, wenn Sie das Buch vor Ablauf der Frist von vierzehn Tagen absenden.<br \/>Sie tragen die unmittelbaren Kosten der R\u00fccksendung der Waren.<br \/>Sie m\u00fcssen f\u00fcr einen etwaigen Wertverlust des Buches nur aufkommen, wenn dieser Wertverlust auf einen zur Pr\u00fcfung der Beschaffenheit, Eigenschaften und Funktionsweise der Ware nicht notwendigen Umgang mit ihnen zur\u00fcckzuf\u00fchren ist.<\/p><p><strong>&#8211; Ende der Widerrufsbelehrung \u2013<\/strong><\/p><p>4.4. \u00dcber das Muster-Widerrufsformular informiert \u201egegenlicht-shop\u201c nach der gesetzlichen Regelung wie folgt:<\/p><p><strong>Muster-Widerrufsformular<br \/><\/strong>Wenn Sie den Vertrag widerrufen wollen, dann f\u00fcllen Sie bitte dieses Formular aus und senden Sie es zur\u00fcck, an:<\/p><p>salomon enterprises,<br \/>Stefan Wachner, Ueckerm\u00fcnder Str. 4, 10439 Berlin<br \/>mail: gegenlicht@gegenlicht-buch.de<\/p><p>\u2013Hiermit widerrufe(n) ich\/wir (*) den von mir\/uns (*) abgeschlossenen Vertrag \u00fcber den Kauf des Buches \u201eGEGENLICHT &#8211; Die Hoffnung stirbt zuletzt\u201c <br \/>\u2013Bestellt am (*)\/erhalten am (*) <br \/>\u2013Name des\/der Verbraucher(s) <br \/>\u2013Anschrift des\/der Verbraucher(s) <br \/>\u2013Unterschrift des\/der Verbraucher(s) (nur bei Mitteilung auf Papier) <br \/>\u2013Datum __________ <br \/>(*) Unzutreffendes streichen<\/p><ol start=\"5\"><li><strong> Preise und Versandkosten<\/strong><\/li><\/ol><p>5.1. Der auf der Produktseite genannte Preise enth\u00e4lt die gesetzliche Mehrwertsteuer und sonstige Preisbestandteile.<\/p><p>5.2. Zus\u00e4tzlich zu den angegebenen Preisen berechne ich Ihnen die Versandkosten, diese werden Ihnen auf den Seite, im Warenkorbsystem und auf der Bestellseite nochmals deutlich mitgeteilt.<\/p><ol start=\"6\"><li><strong> Lieferung<\/strong><\/li><\/ol><p>6.1. Die Lieferung erfolgt nur innerhalb Deutschlands mit DHL.<\/p><p>6.2. Die Lieferzeit betr\u00e4gt bis zu 7 Tage. Auf eventuell abweichende Lieferzeiten weisen wir auf der jeweiligen Produktseite hin.<\/p><ol start=\"7\"><li><strong> Zahlung <\/strong><\/li><\/ol><p>7.1. Die Zahlung erfolgt wahlweise per Vorkasse, paypal oder Kreditkarte.<\/p><p>7.2. Bei Auswahl der Zahlungsart Vorkasse nenne ich Ihnen meine Bankverbindung in der Auftragsbest\u00e4tigung. \u00a0Bei allen Bezahlm\u00f6glichkeiten liefere ich die Ware nach Zahlungseingang.<\/p><ol start=\"8\"><li><strong> Eigentumsvorbehalt<\/strong><\/li><\/ol><p>Bis zur vollst\u00e4ndigen Zahlung bleibt das Buch mein Eigentum.<\/p><ol start=\"9\"><li><strong> Sachm\u00e4n<\/strong><strong>gelgew\u00e4hrleistung<\/strong><\/li><\/ol><p>\u201egegenlicht-shop\u201c haftet f\u00fcr Sachm\u00e4ngel nach den hierf\u00fcr geltenden gesetzlichen Vorschriften, insbesondere \u00a7\u00a7 434 ff B\u00fcrgerliches Gesetzbuch.<\/p><ol start=\"10\"><li><strong> Streitbeilegung<\/strong><\/li><\/ol><p>Die EU-Kommission hat eine Internetplattform zur Online-Beilegung von Streitigkeiten geschaffen. Die Plattform dient als Anlaufstelle zur au\u00dfergerichtlichen Beilegung von Streitigkeiten betreffend vertragliche Verpflichtungen, die aus Online-Kaufvertr\u00e4gen erwachsen. N\u00e4here Informationen sind unter dem folgenden Link verf\u00fcgbar: http:\/\/ec.europa.eu\/consumers\/odr. Zur Teilnahme an einem Streitbeilegungsverfahren vor einer Verbraucherschlichtungsstelle sind wir bereit aber nicht verpflichtet.<\/p><p>Berlin im Oktober 2024<\/p>\t\t\t\t\t\t\t\t<\/div>\n\t\t\t\t<\/div>\n\t\t\t\t<\/div>\n\t\t\t\t<\/div>\n\t\t","protected":false},"excerpt":{"rendered":"<p>Allgemeine Gesch\u00e4ftsbedingungen\u201esalomon enterprises\u201c Stefan Wachner Geltungsbereich Vertragspartner Vertragsschluss Widerrufsrecht Preise und Versandkosten Lieferung Zahlung Eigentumsvorbehalt Sachm\u00e4ngelgew\u00e4hrleistung Streitbeilegung Geltungsbereich F\u00fcr alle [&hellip;]<\/p>\n","protected":false},"author":1,"featured_media":0,"parent":0,"menu_order":0,"comment_status":"closed","ping_status":"closed","template":"","meta":{"site-sidebar-layout":"no-sidebar","site-content-layout":"","ast-site-content-layout":"full-width-container","site-content-style":"default","site-sidebar-style":"default","ast-global-header-display":"","ast-banner-title-visibility":"","ast-main-header-display":"","ast-hfb-above-header-display":"","ast-hfb-below-header-display":"","ast-hfb-mobile-header-display":"","site-post-title":"disabled","ast-breadcrumbs-content":"","ast-featured-img":"disabled","footer-sml-layout":"","ast-disable-related-posts":"","theme-transparent-header-meta":"","adv-header-id-meta":"","stick-header-meta":"","header-above-stick-meta":"","header-main-stick-meta":"","header-below-stick-meta":"","astra-migrate-meta-layouts":"default","ast-page-background-enabled":"default","ast-page-background-meta":{"desktop":{"background-color":"var(--ast-global-color-4)","background-image":"","background-repeat":"repeat","background-position":"center center","background-size":"auto","background-attachment":"scroll","background-type":"","background-media":"","overlay-type":"","overlay-color":"","overlay-opacity":"","overlay-gradient":""},"tablet":{"background-color":"","background-image":"","background-repeat":"repeat","background-position":"center center","background-size":"auto","background-attachment":"scroll","background-type":"","background-media":"","overlay-type":"","overlay-color":"","overlay-opacity":"","overlay-gradient":""},"mobile":{"background-color":"","background-image":"","background-repeat":"repeat","background-position":"center center","background-size":"auto","background-attachment":"scroll","background-type":"","background-media":"","overlay-type":"","overlay-color":"","overlay-opacity":"","overlay-gradient":""}},"ast-content-background-meta":{"desktop":{"background-color":"var(--ast-global-color-5)","background-image":"","background-repeat":"repeat","background-position":"center center","background-size":"auto","background-attachment":"scroll","background-type":"","background-media":"","overlay-type":"","overlay-color":"","overlay-opacity":"","overlay-gradient":""},"tablet":{"background-color":"var(--ast-global-color-5)","background-image":"","background-repeat":"repeat","background-position":"center center","background-size":"auto","background-attachment":"scroll","background-type":"","background-media":"","overlay-type":"","overlay-color":"","overlay-opacity":"","overlay-gradient":""},"mobile":{"background-color":"var(--ast-global-color-5)","background-image":"","background-repeat":"repeat","background-position":"center center","background-size":"auto","background-attachment":"scroll","background-type":"","background-media":"","overlay-type":"","overlay-color":"","overlay-opacity":"","overlay-gradient":""}},"footnotes":""},"class_list":["post-115","page","type-page","status-publish","hentry"],"yoast_head":"<!-- This site is optimized with the Yoast SEO plugin v26.8 - https:\/\/yoast.com\/product\/yoast-seo-wordpress\/ -->\n<title>Allgemeine Gesch\u00e4ftsbedingungen - Gegenlicht Buch<\/title>\n<meta name=\"robots\" content=\"index, follow, max-snippet:-1, max-image-preview:large, max-video-preview:-1\" \/>\n<link rel=\"canonical\" href=\"https:\/\/gegenlicht-buch.de\/gegenlicht-buch\/allgemeine-geschaeftsbedingungen\/\" \/>\n<meta property=\"og:locale\" content=\"de_DE\" \/>\n<meta property=\"og:type\" content=\"article\" \/>\n<meta property=\"og:title\" content=\"Allgemeine Gesch\u00e4ftsbedingungen - Gegenlicht Buch\" \/>\n<meta property=\"og:description\" content=\"Allgemeine Gesch\u00e4ftsbedingungen\u201esalomon enterprises\u201c Stefan Wachner Geltungsbereich Vertragspartner Vertragsschluss Widerrufsrecht Preise und Versandkosten Lieferung Zahlung Eigentumsvorbehalt Sachm\u00e4ngelgew\u00e4hrleistung Streitbeilegung Geltungsbereich F\u00fcr alle [&hellip;]\" \/>\n<meta property=\"og:url\" content=\"https:\/\/gegenlicht-buch.de\/gegenlicht-buch\/allgemeine-geschaeftsbedingungen\/\" \/>\n<meta property=\"og:site_name\" content=\"Gegenlicht Buch\" \/>\n<meta property=\"article:modified_time\" content=\"2024-11-06T20:57:46+00:00\" \/>\n<meta name=\"twitter:card\" content=\"summary_large_image\" \/>\n<meta name=\"twitter:label1\" content=\"Gesch\u00e4tzte Lesezeit\" \/>\n\t<meta name=\"twitter:data1\" content=\"5\u00a0Minuten\" \/>\n<script type=\"application\/ld+json\" class=\"yoast-schema-graph\">{\"@context\":\"https:\/\/schema.org\",\"@graph\":[{\"@type\":\"WebPage\",\"@id\":\"https:\/\/gegenlicht-buch.de\/gegenlicht-buch\/allgemeine-geschaeftsbedingungen\/\",\"url\":\"https:\/\/gegenlicht-buch.de\/gegenlicht-buch\/allgemeine-geschaeftsbedingungen\/\",\"name\":\"Allgemeine Gesch\u00e4ftsbedingungen - Gegenlicht Buch\",\"isPartOf\":{\"@id\":\"https:\/\/gegenlicht-buch.de\/gegenlicht-buch\/#website\"},\"datePublished\":\"2024-11-06T17:38:05+00:00\",\"dateModified\":\"2024-11-06T20:57:46+00:00\",\"breadcrumb\":{\"@id\":\"https:\/\/gegenlicht-buch.de\/gegenlicht-buch\/allgemeine-geschaeftsbedingungen\/#breadcrumb\"},\"inLanguage\":\"de\",\"potentialAction\":[{\"@type\":\"ReadAction\",\"target\":[\"https:\/\/gegenlicht-buch.de\/gegenlicht-buch\/allgemeine-geschaeftsbedingungen\/\"]}]},{\"@type\":\"BreadcrumbList\",\"@id\":\"https:\/\/gegenlicht-buch.de\/gegenlicht-buch\/allgemeine-geschaeftsbedingungen\/#breadcrumb\",\"itemListElement\":[{\"@type\":\"ListItem\",\"position\":1,\"name\":\"Home\",\"item\":\"https:\/\/gegenlicht-buch.de\/gegenlicht-buch\/\"},{\"@type\":\"ListItem\",\"position\":2,\"name\":\"Allgemeine Gesch\u00e4ftsbedingungen\"}]},{\"@type\":\"WebSite\",\"@id\":\"https:\/\/gegenlicht-buch.de\/gegenlicht-buch\/#website\",\"url\":\"https:\/\/gegenlicht-buch.de\/gegenlicht-buch\/\",\"name\":\"Gegen Licht\",\"description\":\"Hier finden Sie das Buch, dass Antorten auf so viele Fragen liefert, die Sie schon lange besch\u00e4ftigen.\",\"publisher\":{\"@id\":\"https:\/\/gegenlicht-buch.de\/gegenlicht-buch\/#organization\"},\"potentialAction\":[{\"@type\":\"SearchAction\",\"target\":{\"@type\":\"EntryPoint\",\"urlTemplate\":\"https:\/\/gegenlicht-buch.de\/gegenlicht-buch\/?s={search_term_string}\"},\"query-input\":{\"@type\":\"PropertyValueSpecification\",\"valueRequired\":true,\"valueName\":\"search_term_string\"}}],\"inLanguage\":\"de\"},{\"@type\":\"Organization\",\"@id\":\"https:\/\/gegenlicht-buch.de\/gegenlicht-buch\/#organization\",\"name\":\"Gegen Licht\",\"url\":\"https:\/\/gegenlicht-buch.de\/gegenlicht-buch\/\",\"logo\":{\"@type\":\"ImageObject\",\"inLanguage\":\"de\",\"@id\":\"https:\/\/gegenlicht-buch.de\/gegenlicht-buch\/#\/schema\/logo\/image\/\",\"url\":\"https:\/\/gegenlicht-buch.de\/wp-content\/uploads\/2024\/11\/sw_logo.png\",\"contentUrl\":\"https:\/\/gegenlicht-buch.de\/wp-content\/uploads\/2024\/11\/sw_logo.png\",\"width\":861,\"height\":129,\"caption\":\"Gegen Licht\"},\"image\":{\"@id\":\"https:\/\/gegenlicht-buch.de\/gegenlicht-buch\/#\/schema\/logo\/image\/\"}}]}<\/script>\n<!-- \/ Yoast SEO plugin. -->","yoast_head_json":{"title":"Allgemeine Gesch\u00e4ftsbedingungen - Gegenlicht Buch","robots":{"index":"index","follow":"follow","max-snippet":"max-snippet:-1","max-image-preview":"max-image-preview:large","max-video-preview":"max-video-preview:-1"},"canonical":"https:\/\/gegenlicht-buch.de\/gegenlicht-buch\/allgemeine-geschaeftsbedingungen\/","og_locale":"de_DE","og_type":"article","og_title":"Allgemeine Gesch\u00e4ftsbedingungen - Gegenlicht Buch","og_description":"Allgemeine Gesch\u00e4ftsbedingungen\u201esalomon enterprises\u201c Stefan Wachner Geltungsbereich Vertragspartner Vertragsschluss Widerrufsrecht Preise und Versandkosten Lieferung Zahlung Eigentumsvorbehalt Sachm\u00e4ngelgew\u00e4hrleistung Streitbeilegung Geltungsbereich F\u00fcr alle [&hellip;]","og_url":"https:\/\/gegenlicht-buch.de\/gegenlicht-buch\/allgemeine-geschaeftsbedingungen\/","og_site_name":"Gegenlicht Buch","article_modified_time":"2024-11-06T20:57:46+00:00","twitter_card":"summary_large_image","twitter_misc":{"Gesch\u00e4tzte Lesezeit":"5\u00a0Minuten"},"schema":{"@context":"https:\/\/schema.org","@graph":[{"@type":"WebPage","@id":"https:\/\/gegenlicht-buch.de\/gegenlicht-buch\/allgemeine-geschaeftsbedingungen\/","url":"https:\/\/gegenlicht-buch.de\/gegenlicht-buch\/allgemeine-geschaeftsbedingungen\/","name":"Allgemeine Gesch\u00e4ftsbedingungen - Gegenlicht Buch","isPartOf":{"@id":"https:\/\/gegenlicht-buch.de\/gegenlicht-buch\/#website"},"datePublished":"2024-11-06T17:38:05+00:00","dateModified":"2024-11-06T20:57:46+00:00","breadcrumb":{"@id":"https:\/\/gegenlicht-buch.de\/gegenlicht-buch\/allgemeine-geschaeftsbedingungen\/#breadcrumb"},"inLanguage":"de","potentialAction":[{"@type":"ReadAction","target":["https:\/\/gegenlicht-buch.de\/gegenlicht-buch\/allgemeine-geschaeftsbedingungen\/"]}]},{"@type":"BreadcrumbList","@id":"https:\/\/gegenlicht-buch.de\/gegenlicht-buch\/allgemeine-geschaeftsbedingungen\/#breadcrumb","itemListElement":[{"@type":"ListItem","position":1,"name":"Home","item":"https:\/\/gegenlicht-buch.de\/gegenlicht-buch\/"},{"@type":"ListItem","position":2,"name":"Allgemeine Gesch\u00e4ftsbedingungen"}]},{"@type":"WebSite","@id":"https:\/\/gegenlicht-buch.de\/gegenlicht-buch\/#website","url":"https:\/\/gegenlicht-buch.de\/gegenlicht-buch\/","name":"Gegen Licht","description":"Hier finden Sie das Buch, dass Antorten auf so viele Fragen liefert, die Sie schon lange besch\u00e4ftigen.","publisher":{"@id":"https:\/\/gegenlicht-buch.de\/gegenlicht-buch\/#organization"},"potentialAction":[{"@type":"SearchAction","target":{"@type":"EntryPoint","urlTemplate":"https:\/\/gegenlicht-buch.de\/gegenlicht-buch\/?s={search_term_string}"},"query-input":{"@type":"PropertyValueSpecification","valueRequired":true,"valueName":"search_term_string"}}],"inLanguage":"de"},{"@type":"Organization","@id":"https:\/\/gegenlicht-buch.de\/gegenlicht-buch\/#organization","name":"Gegen Licht","url":"https:\/\/gegenlicht-buch.de\/gegenlicht-buch\/","logo":{"@type":"ImageObject","inLanguage":"de","@id":"https:\/\/gegenlicht-buch.de\/gegenlicht-buch\/#\/schema\/logo\/image\/","url":"https:\/\/gegenlicht-buch.de\/wp-content\/uploads\/2024\/11\/sw_logo.png","contentUrl":"https:\/\/gegenlicht-buch.de\/wp-content\/uploads\/2024\/11\/sw_logo.png","width":861,"height":129,"caption":"Gegen Licht"},"image":{"@id":"https:\/\/gegenlicht-buch.de\/gegenlicht-buch\/#\/schema\/logo\/image\/"}}]}},"_links":{"self":[{"href":"https:\/\/gegenlicht-buch.de\/gegenlicht-buch\/wp-json\/wp\/v2\/pages\/115","targetHints":{"allow":["GET"]}}],"collection":[{"href":"https:\/\/gegenlicht-buch.de\/gegenlicht-buch\/wp-json\/wp\/v2\/pages"}],"about":[{"href":"https:\/\/gegenlicht-buch.de\/gegenlicht-buch\/wp-json\/wp\/v2\/types\/page"}],"author":[{"embeddable":true,"href":"https:\/\/gegenlicht-buch.de\/gegenlicht-buch\/wp-json\/wp\/v2\/users\/1"}],"replies":[{"embeddable":true,"href":"https:\/\/gegenlicht-buch.de\/gegenlicht-buch\/wp-json\/wp\/v2\/comments?post=115"}],"version-history":[{"count":13,"href":"https:\/\/gegenlicht-buch.de\/gegenlicht-buch\/wp-json\/wp\/v2\/pages\/115\/revisions"}],"predecessor-version":[{"id":251,"href":"https:\/\/gegenlicht-buch.de\/gegenlicht-buch\/wp-json\/wp\/v2\/pages\/115\/revisions\/251"}],"wp:attachment":[{"href":"https:\/\/gegenlicht-buch.de\/gegenlicht-buch\/wp-json\/wp\/v2\/media?parent=115"}],"curies":[{"name":"wp","href":"https:\/\/api.w.org\/{rel}","templated":true}]}}