{"id":620,"date":"2026-04-19T21:37:00","date_gmt":"2026-04-19T21:37:00","guid":{"rendered":"https:\/\/gegenlicht-buch.de\/gegenlicht-buch\/?page_id=620"},"modified":"2026-04-19T22:22:19","modified_gmt":"2026-04-19T22:22:19","slug":"leseprobe-buch-1","status":"publish","type":"page","link":"https:\/\/gegenlicht-buch.de\/gegenlicht-buch\/leseprobe-buch-1\/","title":{"rendered":"Leseprobe Buch 2"},"content":{"rendered":"\t\t<div data-elementor-type=\"wp-page\" data-elementor-id=\"620\" class=\"elementor elementor-620\">\n\t\t\t\t<div class=\"elementor-element elementor-element-320e4f0 e-con-full e-flex e-con e-parent\" data-id=\"320e4f0\" data-element_type=\"container\" data-e-type=\"container\" data-settings=\"{&quot;background_background&quot;:&quot;classic&quot;}\">\n\t\t\t\t<\/div>\n\t\t<div class=\"elementor-element elementor-element-ad83c07 e-con-full animated-slow e-flex elementor-invisible e-con e-parent\" data-id=\"ad83c07\" data-element_type=\"container\" data-e-type=\"container\" data-settings=\"{&quot;animation&quot;:&quot;fadeIn&quot;}\">\n\t\t<div class=\"elementor-element elementor-element-4048003 e-con-full e-flex e-con e-child\" data-id=\"4048003\" data-element_type=\"container\" data-e-type=\"container\">\n\t\t\t\t<div class=\"elementor-element elementor-element-a514c95 elementor-widget elementor-widget-heading\" data-id=\"a514c95\" data-element_type=\"widget\" data-e-type=\"widget\" data-widget_type=\"heading.default\">\n\t\t\t\t<div class=\"elementor-widget-container\">\n\t\t\t\t\t<h2 class=\"elementor-heading-title elementor-size-default\">Leseprobe<\/h2>\t\t\t\t<\/div>\n\t\t\t\t<\/div>\n\t\t\t\t<div class=\"elementor-element elementor-element-277d9fe elementor-widget elementor-widget-text-editor\" data-id=\"277d9fe\" data-element_type=\"widget\" data-e-type=\"widget\" data-widget_type=\"text-editor.default\">\n\t\t\t\t<div class=\"elementor-widget-container\">\n\t\t\t\t\t\t\t\t\tDie Karre Deutschland muss in die Generalreparatur. Da interessieren uns \nweder das Bewusstsein noch die inneren Werte des Monteurs. Er muss Fach\nwissen und die n\u00f6tigen Werkzeuge besitzen. In Berlin d\u00fcrfen Sie auch keine \nh\u00f6fliche Behandlung oder gar Service erwarten, wir sind Preu\u00dfen: H\u00f6flichkeit is \neene Zier, weiter kommt man ohne ihr! Da machen wa jetze ma keene Fisima\ntenten, ran an Sarg und mitjeweent! \nAlso, wir m\u00fcssen wieder einmal die \u00c4rmel hochkrempeln und zwar alle zu\nsammen, das k\u00f6nnen wir, das haben wir nach den gro\u00dfen Schlamasseln, die \nwir uns eingebrockt haben, immer wieder bewiesen: in Einigkeit und Recht und \nFreiheit!<br><br>\nAlso, dieses Rettungsprogramm enth\u00e4lt drei Stufen:<br> \nDie Analyse, das ist die Anamnese. Darauf aubauend formulieren wir die Stra\ntegie, unseren zuverl\u00e4ssigen Kompass auch in st\u00fcrmischen Zeiten und wiede\nrum darauf aubauend, die Reformen, die mit konkreten Werkzeugen realisiert \nwerden. Diese Werkzeuge sind einfach, robust, innovativ und von hoher Qualit\u00e4t, \nso wie es sich f\u00fcr Made in Germany geh\u00f6rt. \nManche tr\u00e4umen mit weltfremden Ideologien von einem neuen System. Dazu \nhaben wir weder Geld noch Zeit, zumal niemand konkret sagen kann, wie die\nse sch\u00f6ne neue Welt aussehen, geschweigen denn funktionieren soll. \nWir reparieren unsere gute alte soziale Marktwirtschaft und die parlamenta\nrische Demokratie. Beide sind in die Jahre gekommen, aber nur diese haben \nin der menschlichen Geschichte soziale Sicherungssysteme, b\u00fcrgerliche Frei\nheiten, Bildung und Gesundheit f\u00fcr alle gebracht und noch mehr: Im Scho\u00dfe \ndieses Systems und nur in diesem System ist etwas ganz Wunderbares entstan\nden, was wir heute als selbstverst\u00e4ndlich empfinden und dabei sind, es in str\u00e4f\nlichem Leichtsinn zu gef\u00e4hrden: der freie B\u00fcrger!<br><br>In unserem System existieren bis heute sozialistische Planwirtschaften und feu\ndale Aneignungen. Diese sind dem kapitalistischen System fremd, verzerren es \nund funktionieren immer weniger. Unser System begann als brutaler Manches\nterkapitalismus und hat immer wieder seine Reformf\u00e4higkeit bewiesen. \n \nAber sp\u00e4testens seit dem Fall der Mauer gibt es einen immer gr\u00f6\u00dfer werden\nden Reformstau. Unsere soziale Marktwirtschaft hat sich eben nicht weiter\nentwickelt, sondern entwickelt sich mehr und mehr zu einem Neofeudalismus. \nGlobalisierung und Digitalisierung wurden nicht reguliert und so wird es auch \nmit der KI sein. Immer m\u00e4chtigere Feudalf\u00fcrsten agieren au\u00dferhalb jeder de\nmokratischen Kontrolle und es werden digitale Diktaturen entstehen, gegen die \ndie untergegangenen sozialistischen Kindergarten waren. <br><br><b>Niemand wird unsere Freiheit, unsere Demokratie \nund unseren Frieden besch\u00fctzen. \nNiemand wird unsere Bildung, unsere Kultur \nund unsere Gesundheit finanzieren. \nNiemand wird uns vor allm\u00e4chtigen Feudalf\u00fcrsten, \nInvestmentfonds und Stiftungen besch\u00fctzen.<\/b><br><br>Die Lage ist ernst und so meine ich dieses Rettungsprogramm auch. Das be\ndeutet aber nicht, dass die Lekt\u00fcre langweilig und langatmig sein muss. Humor \nist, wenn man trotzdem lacht. Wichtiges kann auch unterhaltsam sein. Was \nrichtig ist, ist auch sch\u00f6n.<br><br>Das Buch ist in sich logisch aufgebaut, das verbietet den ungeduldigen Lesern \nnat\u00fcrlich nicht, etwas auszulassen und zuerst das zu lesen, was Sie am meisten \ninteressiert. Wer dann feststellt, dass einige Grundlagen zum Verst\u00e4ndnis feh\nlen, bl\u00e4ttert eben zur\u00fcck und holt das \u00dcbersprungene einfach nach.\t\t\t\t\t\t\t\t<\/div>\n\t\t\t\t<\/div>\n\t\t\t\t<div class=\"elementor-element elementor-element-7e66ef3 elementor-align-center elementor-widget__width-inherit elementor-widget elementor-widget-button\" data-id=\"7e66ef3\" data-element_type=\"widget\" data-e-type=\"widget\" data-widget_type=\"button.default\">\n\t\t\t\t<div class=\"elementor-widget-container\">\n\t\t\t\t\t\t\t\t\t<div class=\"elementor-button-wrapper\">\n\t\t\t\t\t<a class=\"elementor-button elementor-button-link elementor-size-sm\" href=\"http:\/\/gegenlicht-buch.de\/wp-content\/uploads\/2026\/04\/Gegenlicht_dasvolleProgramm_LESEPROBE.pdf\">\n\t\t\t\t\t\t<span class=\"elementor-button-content-wrapper\">\n\t\t\t\t\t\t\t\t\t<span class=\"elementor-button-text\">WEITERLESEN<\/span>\n\t\t\t\t\t<\/span>\n\t\t\t\t\t<\/a>\n\t\t\t\t<\/div>\n\t\t\t\t\t\t\t\t<\/div>\n\t\t\t\t<\/div>\n\t\t\t\t<\/div>\n\t\t\t\t<\/div>\n\t\t<div class=\"elementor-element elementor-element-27891fa e-con-full animated-slow e-flex elementor-invisible e-con e-parent\" data-id=\"27891fa\" data-element_type=\"container\" data-e-type=\"container\" data-settings=\"{&quot;animation&quot;:&quot;fadeIn&quot;}\">\n\t\t<div class=\"elementor-element elementor-element-a8be62f e-con-full e-flex e-con e-child\" data-id=\"a8be62f\" data-element_type=\"container\" data-e-type=\"container\">\n\t\t\t\t<div class=\"elementor-element elementor-element-ef38fda elementor-widget elementor-widget-heading\" data-id=\"ef38fda\" data-element_type=\"widget\" data-e-type=\"widget\" data-widget_type=\"heading.default\">\n\t\t\t\t<div class=\"elementor-widget-container\">\n\t\t\t\t\t<h2 class=\"elementor-heading-title elementor-size-default\">Gegenlicht - Das volle Programm<\/h2>\t\t\t\t<\/div>\n\t\t\t\t<\/div>\n\t\t\t\t<div class=\"elementor-element elementor-element-be4d22c elementor-widget elementor-widget-text-editor\" data-id=\"be4d22c\" data-element_type=\"widget\" data-e-type=\"widget\" data-widget_type=\"text-editor.default\">\n\t\t\t\t<div class=\"elementor-widget-container\">\n\t\t\t\t\t\t\t\t\t<p>Ein schonungslos ehrlicher, bissig-berlinerischer Weckruf, der Deutschland zur radikalen Generalreparatur auf die Hebeb\u00fchne hebt \u2013 mit klarer Kante, trockenem Humor und dem unmissverst\u00e4ndlichen Appell: \u00c4rmel hochkrempeln und gemeinsam anpacken, bevor der Karren endg\u00fcltig liegen bleibt.<\/p>\t\t\t\t\t\t\t\t<\/div>\n\t\t\t\t<\/div>\n\t\t\t\t<div class=\"elementor-element elementor-element-a31aa75 elementor-align-center elementor-widget__width-inherit elementor-widget elementor-widget-button\" data-id=\"a31aa75\" data-element_type=\"widget\" data-e-type=\"widget\" data-widget_type=\"button.default\">\n\t\t\t\t<div class=\"elementor-widget-container\">\n\t\t\t\t\t\t\t\t\t<div class=\"elementor-button-wrapper\">\n\t\t\t\t\t<a class=\"elementor-button elementor-button-link elementor-size-sm\" href=\"https:\/\/gegenlicht-buch.de\/product\/gegenlicht-buch\/\">\n\t\t\t\t\t\t<span class=\"elementor-button-content-wrapper\">\n\t\t\t\t\t\t\t\t\t<span class=\"elementor-button-text\">JETZT BESTELLEN<\/span>\n\t\t\t\t\t<\/span>\n\t\t\t\t\t<\/a>\n\t\t\t\t<\/div>\n\t\t\t\t\t\t\t\t<\/div>\n\t\t\t\t<\/div>\n\t\t\t\t<\/div>\n\t\t<div class=\"elementor-element elementor-element-b7230bc e-con-full elementor-hidden-mobile e-flex e-con e-child\" data-id=\"b7230bc\" data-element_type=\"container\" data-e-type=\"container\">\n\t\t\t\t<div class=\"elementor-element elementor-element-e834c05 elementor-widget elementor-widget-image-carousel\" data-id=\"e834c05\" data-element_type=\"widget\" data-e-type=\"widget\" data-settings=\"{&quot;slides_to_show&quot;:&quot;1&quot;,&quot;navigation&quot;:&quot;none&quot;,&quot;effect&quot;:&quot;fade&quot;,&quot;autoplay&quot;:&quot;yes&quot;,&quot;pause_on_hover&quot;:&quot;yes&quot;,&quot;pause_on_interaction&quot;:&quot;yes&quot;,&quot;autoplay_speed&quot;:5000,&quot;infinite&quot;:&quot;yes&quot;,&quot;speed&quot;:500}\" data-widget_type=\"image-carousel.default\">\n\t\t\t\t<div class=\"elementor-widget-container\">\n\t\t\t\t\t\t\t<div class=\"elementor-image-carousel-wrapper swiper\" role=\"region\" aria-roledescription=\"carousel\" aria-label=\"Image Carousel\" dir=\"ltr\">\n\t\t\t<div class=\"elementor-image-carousel swiper-wrapper\" aria-live=\"off\">\n\t\t\t\t\t\t\t\t<div class=\"swiper-slide\" role=\"group\" aria-roledescription=\"slide\" aria-label=\"1 von 1\"><figure class=\"swiper-slide-inner\"><img decoding=\"async\" class=\"swiper-slide-image\" src=\"https:\/\/gegenlicht-buch.de\/wp-content\/uploads\/2026\/03\/Cover_Druck_volle-Programm-Ansicht-Hochformat-726x1024.png\" alt=\"Cover_Druck_volle-Programm-Ansicht-Hochformat\" \/><\/figure><\/div>\t\t\t<\/div>\n\t\t\t\t\t<\/div>\n\t\t\t\t\t\t<\/div>\n\t\t\t\t<\/div>\n\t\t\t\t<\/div>\n\t\t\t\t<\/div>\n\t\t\t\t<\/div>\n\t\t","protected":false},"excerpt":{"rendered":"<p>Leseprobe Die Karre Deutschland muss in die Generalreparatur. Da interessieren uns weder das Bewusstsein noch die inneren Werte des Monteurs. [&hellip;]<\/p>\n","protected":false},"author":2,"featured_media":0,"parent":0,"menu_order":0,"comment_status":"closed","ping_status":"closed","template":"","meta":{"site-sidebar-layout":"no-sidebar","site-content-layout":"","ast-site-content-layout":"full-width-container","site-content-style":"default","site-sidebar-style":"default","ast-global-header-display":"","ast-banner-title-visibility":"","ast-main-header-display":"","ast-hfb-above-header-display":"","ast-hfb-below-header-display":"","ast-hfb-mobile-header-display":"","site-post-title":"disabled","ast-breadcrumbs-content":"","ast-featured-img":"disabled","footer-sml-layout":"","ast-disable-related-posts":"","theme-transparent-header-meta":"","adv-header-id-meta":"","stick-header-meta":"","header-above-stick-meta":"","header-main-stick-meta":"","header-below-stick-meta":"","astra-migrate-meta-layouts":"default","ast-page-background-enabled":"default","ast-page-background-meta":{"desktop":{"background-color":"var(--ast-global-color-4)","background-image":"","background-repeat":"repeat","background-position":"center center","background-size":"auto","background-attachment":"scroll","background-type":"","background-media":"","overlay-type":"","overlay-color":"","overlay-opacity":"","overlay-gradient":""},"tablet":{"background-color":"","background-image":"","background-repeat":"repeat","background-position":"center center","background-size":"auto","background-attachment":"scroll","background-type":"","background-media":"","overlay-type":"","overlay-color":"","overlay-opacity":"","overlay-gradient":""},"mobile":{"background-color":"","background-image":"","background-repeat":"repeat","background-position":"center center","background-size":"auto","background-attachment":"scroll","background-type":"","background-media":"","overlay-type":"","overlay-color":"","overlay-opacity":"","overlay-gradient":""}},"ast-content-background-meta":{"desktop":{"background-color":"var(--ast-global-color-5)","background-image":"","background-repeat":"repeat","background-position":"center center","background-size":"auto","background-attachment":"scroll","background-type":"","background-media":"","overlay-type":"","overlay-color":"","overlay-opacity":"","overlay-gradient":""},"tablet":{"background-color":"var(--ast-global-color-5)","background-image":"","background-repeat":"repeat","background-position":"center center","background-size":"auto","background-attachment":"scroll","background-type":"","background-media":"","overlay-type":"","overlay-color":"","overlay-opacity":"","overlay-gradient":""},"mobile":{"background-color":"var(--ast-global-color-5)","background-image":"","background-repeat":"repeat","background-position":"center center","background-size":"auto","background-attachment":"scroll","background-type":"","background-media":"","overlay-type":"","overlay-color":"","overlay-opacity":"","overlay-gradient":""}},"footnotes":""},"class_list":["post-620","page","type-page","status-publish","hentry"],"yoast_head":"<!-- This site is optimized with the Yoast SEO plugin v26.8 - https:\/\/yoast.com\/product\/yoast-seo-wordpress\/ -->\n<title>Leseprobe Buch 2 - Gegenlicht Buch<\/title>\n<meta name=\"robots\" content=\"index, follow, max-snippet:-1, max-image-preview:large, max-video-preview:-1\" \/>\n<link rel=\"canonical\" href=\"https:\/\/gegenlicht-buch.de\/gegenlicht-buch\/leseprobe-buch-1\/\" \/>\n<meta property=\"og:locale\" content=\"de_DE\" \/>\n<meta property=\"og:type\" content=\"article\" \/>\n<meta property=\"og:title\" content=\"Leseprobe Buch 2 - Gegenlicht Buch\" \/>\n<meta property=\"og:description\" content=\"Leseprobe Die Karre Deutschland muss in die Generalreparatur. Da interessieren uns weder das Bewusstsein noch die inneren Werte des Monteurs. [&hellip;]\" \/>\n<meta property=\"og:url\" content=\"https:\/\/gegenlicht-buch.de\/gegenlicht-buch\/leseprobe-buch-1\/\" \/>\n<meta property=\"og:site_name\" content=\"Gegenlicht Buch\" \/>\n<meta property=\"article:modified_time\" content=\"2026-04-19T22:22:19+00:00\" \/>\n<meta property=\"og:image\" content=\"http:\/\/gegenlicht-buch.de\/wp-content\/uploads\/2026\/03\/Cover_Druck_volle-Programm-Ansicht-Hochformat-726x1024.png\" \/>\n<meta name=\"twitter:card\" content=\"summary_large_image\" \/>\n<meta name=\"twitter:label1\" content=\"Gesch\u00e4tzte Lesezeit\" \/>\n\t<meta name=\"twitter:data1\" content=\"4\u00a0Minuten\" \/>\n<script type=\"application\/ld+json\" class=\"yoast-schema-graph\">{\"@context\":\"https:\/\/schema.org\",\"@graph\":[{\"@type\":\"WebPage\",\"@id\":\"https:\/\/gegenlicht-buch.de\/gegenlicht-buch\/leseprobe-buch-1\/\",\"url\":\"https:\/\/gegenlicht-buch.de\/gegenlicht-buch\/leseprobe-buch-1\/\",\"name\":\"Leseprobe Buch 2 - Gegenlicht Buch\",\"isPartOf\":{\"@id\":\"https:\/\/gegenlicht-buch.de\/gegenlicht-buch\/#website\"},\"primaryImageOfPage\":{\"@id\":\"https:\/\/gegenlicht-buch.de\/gegenlicht-buch\/leseprobe-buch-1\/#primaryimage\"},\"image\":{\"@id\":\"https:\/\/gegenlicht-buch.de\/gegenlicht-buch\/leseprobe-buch-1\/#primaryimage\"},\"thumbnailUrl\":\"http:\/\/gegenlicht-buch.de\/wp-content\/uploads\/2026\/03\/Cover_Druck_volle-Programm-Ansicht-Hochformat-726x1024.png\",\"datePublished\":\"2026-04-19T21:37:00+00:00\",\"dateModified\":\"2026-04-19T22:22:19+00:00\",\"breadcrumb\":{\"@id\":\"https:\/\/gegenlicht-buch.de\/gegenlicht-buch\/leseprobe-buch-1\/#breadcrumb\"},\"inLanguage\":\"de\",\"potentialAction\":[{\"@type\":\"ReadAction\",\"target\":[\"https:\/\/gegenlicht-buch.de\/gegenlicht-buch\/leseprobe-buch-1\/\"]}]},{\"@type\":\"ImageObject\",\"inLanguage\":\"de\",\"@id\":\"https:\/\/gegenlicht-buch.de\/gegenlicht-buch\/leseprobe-buch-1\/#primaryimage\",\"url\":\"http:\/\/gegenlicht-buch.de\/wp-content\/uploads\/2026\/03\/Cover_Druck_volle-Programm-Ansicht-Hochformat-726x1024.png\",\"contentUrl\":\"http:\/\/gegenlicht-buch.de\/wp-content\/uploads\/2026\/03\/Cover_Druck_volle-Programm-Ansicht-Hochformat-726x1024.png\"},{\"@type\":\"BreadcrumbList\",\"@id\":\"https:\/\/gegenlicht-buch.de\/gegenlicht-buch\/leseprobe-buch-1\/#breadcrumb\",\"itemListElement\":[{\"@type\":\"ListItem\",\"position\":1,\"name\":\"Home\",\"item\":\"https:\/\/gegenlicht-buch.de\/gegenlicht-buch\/\"},{\"@type\":\"ListItem\",\"position\":2,\"name\":\"Leseprobe Buch 2\"}]},{\"@type\":\"WebSite\",\"@id\":\"https:\/\/gegenlicht-buch.de\/gegenlicht-buch\/#website\",\"url\":\"https:\/\/gegenlicht-buch.de\/gegenlicht-buch\/\",\"name\":\"Gegen Licht\",\"description\":\"Hier finden Sie das Buch, dass Antorten auf so viele Fragen liefert, die Sie schon lange besch\u00e4ftigen.\",\"publisher\":{\"@id\":\"https:\/\/gegenlicht-buch.de\/gegenlicht-buch\/#organization\"},\"potentialAction\":[{\"@type\":\"SearchAction\",\"target\":{\"@type\":\"EntryPoint\",\"urlTemplate\":\"https:\/\/gegenlicht-buch.de\/gegenlicht-buch\/?s={search_term_string}\"},\"query-input\":{\"@type\":\"PropertyValueSpecification\",\"valueRequired\":true,\"valueName\":\"search_term_string\"}}],\"inLanguage\":\"de\"},{\"@type\":\"Organization\",\"@id\":\"https:\/\/gegenlicht-buch.de\/gegenlicht-buch\/#organization\",\"name\":\"Gegen Licht\",\"url\":\"https:\/\/gegenlicht-buch.de\/gegenlicht-buch\/\",\"logo\":{\"@type\":\"ImageObject\",\"inLanguage\":\"de\",\"@id\":\"https:\/\/gegenlicht-buch.de\/gegenlicht-buch\/#\/schema\/logo\/image\/\",\"url\":\"https:\/\/gegenlicht-buch.de\/wp-content\/uploads\/2024\/11\/sw_logo.png\",\"contentUrl\":\"https:\/\/gegenlicht-buch.de\/wp-content\/uploads\/2024\/11\/sw_logo.png\",\"width\":861,\"height\":129,\"caption\":\"Gegen Licht\"},\"image\":{\"@id\":\"https:\/\/gegenlicht-buch.de\/gegenlicht-buch\/#\/schema\/logo\/image\/\"}}]}<\/script>\n<!-- \/ Yoast SEO plugin. -->","yoast_head_json":{"title":"Leseprobe Buch 2 - Gegenlicht Buch","robots":{"index":"index","follow":"follow","max-snippet":"max-snippet:-1","max-image-preview":"max-image-preview:large","max-video-preview":"max-video-preview:-1"},"canonical":"https:\/\/gegenlicht-buch.de\/gegenlicht-buch\/leseprobe-buch-1\/","og_locale":"de_DE","og_type":"article","og_title":"Leseprobe Buch 2 - Gegenlicht Buch","og_description":"Leseprobe Die Karre Deutschland muss in die Generalreparatur. Da interessieren uns weder das Bewusstsein noch die inneren Werte des Monteurs. [&hellip;]","og_url":"https:\/\/gegenlicht-buch.de\/gegenlicht-buch\/leseprobe-buch-1\/","og_site_name":"Gegenlicht Buch","article_modified_time":"2026-04-19T22:22:19+00:00","og_image":[{"url":"http:\/\/gegenlicht-buch.de\/wp-content\/uploads\/2026\/03\/Cover_Druck_volle-Programm-Ansicht-Hochformat-726x1024.png","type":"","width":"","height":""}],"twitter_card":"summary_large_image","twitter_misc":{"Gesch\u00e4tzte Lesezeit":"4\u00a0Minuten"},"schema":{"@context":"https:\/\/schema.org","@graph":[{"@type":"WebPage","@id":"https:\/\/gegenlicht-buch.de\/gegenlicht-buch\/leseprobe-buch-1\/","url":"https:\/\/gegenlicht-buch.de\/gegenlicht-buch\/leseprobe-buch-1\/","name":"Leseprobe Buch 2 - Gegenlicht Buch","isPartOf":{"@id":"https:\/\/gegenlicht-buch.de\/gegenlicht-buch\/#website"},"primaryImageOfPage":{"@id":"https:\/\/gegenlicht-buch.de\/gegenlicht-buch\/leseprobe-buch-1\/#primaryimage"},"image":{"@id":"https:\/\/gegenlicht-buch.de\/gegenlicht-buch\/leseprobe-buch-1\/#primaryimage"},"thumbnailUrl":"http:\/\/gegenlicht-buch.de\/wp-content\/uploads\/2026\/03\/Cover_Druck_volle-Programm-Ansicht-Hochformat-726x1024.png","datePublished":"2026-04-19T21:37:00+00:00","dateModified":"2026-04-19T22:22:19+00:00","breadcrumb":{"@id":"https:\/\/gegenlicht-buch.de\/gegenlicht-buch\/leseprobe-buch-1\/#breadcrumb"},"inLanguage":"de","potentialAction":[{"@type":"ReadAction","target":["https:\/\/gegenlicht-buch.de\/gegenlicht-buch\/leseprobe-buch-1\/"]}]},{"@type":"ImageObject","inLanguage":"de","@id":"https:\/\/gegenlicht-buch.de\/gegenlicht-buch\/leseprobe-buch-1\/#primaryimage","url":"http:\/\/gegenlicht-buch.de\/wp-content\/uploads\/2026\/03\/Cover_Druck_volle-Programm-Ansicht-Hochformat-726x1024.png","contentUrl":"http:\/\/gegenlicht-buch.de\/wp-content\/uploads\/2026\/03\/Cover_Druck_volle-Programm-Ansicht-Hochformat-726x1024.png"},{"@type":"BreadcrumbList","@id":"https:\/\/gegenlicht-buch.de\/gegenlicht-buch\/leseprobe-buch-1\/#breadcrumb","itemListElement":[{"@type":"ListItem","position":1,"name":"Home","item":"https:\/\/gegenlicht-buch.de\/gegenlicht-buch\/"},{"@type":"ListItem","position":2,"name":"Leseprobe Buch 2"}]},{"@type":"WebSite","@id":"https:\/\/gegenlicht-buch.de\/gegenlicht-buch\/#website","url":"https:\/\/gegenlicht-buch.de\/gegenlicht-buch\/","name":"Gegen Licht","description":"Hier finden Sie das Buch, dass Antorten auf so viele Fragen liefert, die Sie schon lange besch\u00e4ftigen.","publisher":{"@id":"https:\/\/gegenlicht-buch.de\/gegenlicht-buch\/#organization"},"potentialAction":[{"@type":"SearchAction","target":{"@type":"EntryPoint","urlTemplate":"https:\/\/gegenlicht-buch.de\/gegenlicht-buch\/?s={search_term_string}"},"query-input":{"@type":"PropertyValueSpecification","valueRequired":true,"valueName":"search_term_string"}}],"inLanguage":"de"},{"@type":"Organization","@id":"https:\/\/gegenlicht-buch.de\/gegenlicht-buch\/#organization","name":"Gegen Licht","url":"https:\/\/gegenlicht-buch.de\/gegenlicht-buch\/","logo":{"@type":"ImageObject","inLanguage":"de","@id":"https:\/\/gegenlicht-buch.de\/gegenlicht-buch\/#\/schema\/logo\/image\/","url":"https:\/\/gegenlicht-buch.de\/wp-content\/uploads\/2024\/11\/sw_logo.png","contentUrl":"https:\/\/gegenlicht-buch.de\/wp-content\/uploads\/2024\/11\/sw_logo.png","width":861,"height":129,"caption":"Gegen Licht"},"image":{"@id":"https:\/\/gegenlicht-buch.de\/gegenlicht-buch\/#\/schema\/logo\/image\/"}}]}},"_links":{"self":[{"href":"https:\/\/gegenlicht-buch.de\/gegenlicht-buch\/wp-json\/wp\/v2\/pages\/620","targetHints":{"allow":["GET"]}}],"collection":[{"href":"https:\/\/gegenlicht-buch.de\/gegenlicht-buch\/wp-json\/wp\/v2\/pages"}],"about":[{"href":"https:\/\/gegenlicht-buch.de\/gegenlicht-buch\/wp-json\/wp\/v2\/types\/page"}],"author":[{"embeddable":true,"href":"https:\/\/gegenlicht-buch.de\/gegenlicht-buch\/wp-json\/wp\/v2\/users\/2"}],"replies":[{"embeddable":true,"href":"https:\/\/gegenlicht-buch.de\/gegenlicht-buch\/wp-json\/wp\/v2\/comments?post=620"}],"version-history":[{"count":20,"href":"https:\/\/gegenlicht-buch.de\/gegenlicht-buch\/wp-json\/wp\/v2\/pages\/620\/revisions"}],"predecessor-version":[{"id":676,"href":"https:\/\/gegenlicht-buch.de\/gegenlicht-buch\/wp-json\/wp\/v2\/pages\/620\/revisions\/676"}],"wp:attachment":[{"href":"https:\/\/gegenlicht-buch.de\/gegenlicht-buch\/wp-json\/wp\/v2\/media?parent=620"}],"curies":[{"name":"wp","href":"https:\/\/api.w.org\/{rel}","templated":true}]}}