{"id":639,"date":"2026-04-19T21:59:09","date_gmt":"2026-04-19T21:59:09","guid":{"rendered":"https:\/\/gegenlicht-buch.de\/gegenlicht-buch\/?page_id=639"},"modified":"2026-04-19T22:16:08","modified_gmt":"2026-04-19T22:16:08","slug":"leseprobe-buch-1-2","status":"publish","type":"page","link":"https:\/\/gegenlicht-buch.de\/gegenlicht-buch\/leseprobe-buch-1-2\/","title":{"rendered":"Leseprobe Buch 1"},"content":{"rendered":"\t\t<div data-elementor-type=\"wp-page\" data-elementor-id=\"639\" class=\"elementor elementor-639\">\n\t\t\t\t<div class=\"elementor-element elementor-element-c9d78be e-con-full e-flex e-con e-parent\" data-id=\"c9d78be\" data-element_type=\"container\" data-e-type=\"container\" data-settings=\"{&quot;background_background&quot;:&quot;classic&quot;}\">\n\t\t\t\t<\/div>\n\t\t<div class=\"elementor-element elementor-element-d831657 e-con-full animated-slow e-flex elementor-invisible e-con e-parent\" data-id=\"d831657\" data-element_type=\"container\" data-e-type=\"container\" data-settings=\"{&quot;animation&quot;:&quot;fadeIn&quot;}\">\n\t\t<div class=\"elementor-element elementor-element-3ebe14c e-con-full e-flex e-con e-child\" data-id=\"3ebe14c\" data-element_type=\"container\" data-e-type=\"container\">\n\t\t\t\t<div class=\"elementor-element elementor-element-b68ed66 elementor-widget elementor-widget-heading\" data-id=\"b68ed66\" data-element_type=\"widget\" data-e-type=\"widget\" data-widget_type=\"heading.default\">\n\t\t\t\t<div class=\"elementor-widget-container\">\n\t\t\t\t\t<h2 class=\"elementor-heading-title elementor-size-default\">Leseprobe<\/h2>\t\t\t\t<\/div>\n\t\t\t\t<\/div>\n\t\t\t\t<div class=\"elementor-element elementor-element-d098eaa elementor-widget elementor-widget-text-editor\" data-id=\"d098eaa\" data-element_type=\"widget\" data-e-type=\"widget\" data-widget_type=\"text-editor.default\">\n\t\t\t\t<div class=\"elementor-widget-container\">\n\t\t\t\t\t\t\t\t\tSie sind beim Zauberberg von Thomas Mann beim ersten Anlauf auch nach\nkurzer Zeit gescheitert, weil Sie nicht \u00fcber die ersten 50 Seiten gekommen sind?\nUnd waren beim zweiten Anlauf so fasziniert, dass Sie ihn gar nicht mehr aus\nder Hand legen konnten?<br><br>\n\nWelcome bei Stefan Wachners GEGENLICHT, einer in jeder Hinsicht grellen\nLekt\u00fcre \u00fcber das Zeitgeschehen. Es geht um alles, buchst\u00e4blich alles. Um China\nund die Welt genauso wie um die Klassiker des politischen Streits, Kapitalismus\nund Sozialismus. Und darum, wie wir endlich im 21. Jahrhundert eine bessere\nGesellschaft bauen und wie eine solche aussehen sollte.\nEs geht um die verfranzte und verfilzte Politik, die sich in den letzten Jahren in\nso ziemlich allen Politikbereichen verlaufen hat, in der Energiepolitik, Steuer\npolitik oder Bildungspolitik, genauso wie in der Gesundheitspolitik.\nStefan Wachner hat f\u00fcr alles Reformvorschl\u00e4ge und Patentrezepte, die noch\nnicht patentiert sind. Wenn Sie schnell sind, k\u00f6nnten sie durch Anmeldung\nbeim Patentamt sogar Profit aus der Lekt\u00fcre ziehen. Nein, echt jetzt? Ja!\nSeite um Seite versucht Wachner Sie \u2013 Sie, ja, genau Sie! &#8211; in direkter Ansprache\ndavon zu \u00fcberzeugen, dass wir alles \u2013 ich wiederhole: alles! \u2013 politisch und ge\nsellschaftlich anders machen k\u00f6nnten und auch sollten, wenn wir wollen, dass\ndieses Land und das wunderbare Europa nicht untergehen!\nDamit Sie, wenn Ihnen das alles zu schnell geht, zu viel ist, zu unvermittelt ist\noder zu wuchtig daherkommt &#8211; wer will schon st\u00e4ndig vor den Kopf gesto\u00dfen\nwerden? &#8211; und Sie deswegen bei der Lekt\u00fcre mal pausieren m\u00fcssen, gibt es alle\nNase lang \u2013 gemeint nat\u00fcrlich: alle Seiten lang \u2013 ein wirklich sch\u00f6nes Bild zur\nUnterbrechung; oder eine tolle, meist selbst gemachte Fotografie, die meistens\nwirklich nichts mit dem Text davor oder danach zu tun hat. So haben Sie Zeit\nzum Gr\u00fcbeln.<br><br>\n\nWachner, ebenso stolzer wie starrsinniger Preu\u00dfe, macht es Ihnen mit der Lek\nt\u00fcre nicht leicht. Das GEGENLICHT ist als Text so sperrig wie drei alte Schr\u00e4n\nke, die vor der T\u00fcr stehen und wegger\u00e4umt werden m\u00fcssen, f\u00fcr alle, die hart\nn\u00e4ckig Eintritt begehren in das Lesevergn\u00fcgen.\nAber Wachner hat Ihre Leseschwierigkeiten im Auge, weswegen das Ganze mit\ndrolligen Anekdoten gepickt ist, irgendein Detail aus der Welt- oder Technik\ngeschichte, was Sie garantiert noch nicht wussten, zum Beispiel die Entstehung\nder modernen Schulmedizin aus Erd\u00f6l. Ein permanenter Flow von \u201eAhas\u201c ist\nIhnen also gesichert und ganz sicher ist etwas dabei, was der Nachbar auch noch\nnicht wei\u00df und womit Sie \u00fcber den Gartenzaun angeben k\u00f6nnen.\nWachner macht viele, ganz konkrete Vorschl\u00e4ge, wie man unser System und\nmithin das Leben in Deutschland verbessern k\u00f6nnte, mit ganz einfachen Mitteln, bis hin zu neuen, einfachsten Formularen f\u00fcr die Steuerbeh\u00f6rden oder die\nKrankenkassen.\nDies ist ein Buch, das den Bogen spannt vom Aufbruch unserer Zivilisation und\nderen Verfall, bis hin zum Problem der Elektromobilit\u00e4t und was die Uiguren\ndamit m\u00f6glicherweise zu tun haben. Und da vieles in dem Buch einfach stimmt,\naber schwer zu verknusen ist, gibt\u2018s eigentlich nur eins: unbedingt lesen! Denn\nWachners\u2018 GEGENLICHT ist eigentlich eine Anleitung zur Revolution.\nSeien Sie dabei! Lesen Sie\u2026 JETZT!<br><br>\n\nHerzlich<br>\nIhre Prof. Ulrike Gu\u00e9rot\t\t\t\t\t\t\t\t<\/div>\n\t\t\t\t<\/div>\n\t\t\t\t<div class=\"elementor-element elementor-element-0e2f765 elementor-align-center elementor-widget__width-inherit elementor-widget elementor-widget-button\" data-id=\"0e2f765\" data-element_type=\"widget\" data-e-type=\"widget\" data-widget_type=\"button.default\">\n\t\t\t\t<div class=\"elementor-widget-container\">\n\t\t\t\t\t\t\t\t\t<div class=\"elementor-button-wrapper\">\n\t\t\t\t\t<a class=\"elementor-button elementor-button-link elementor-size-sm\" href=\"https:\/\/gegenlicht-buch.de\/wp-content\/uploads\/2024\/11\/Stefan_Wachner_GEGENLICHT_Leseprobe_V4.pdf\">\n\t\t\t\t\t\t<span class=\"elementor-button-content-wrapper\">\n\t\t\t\t\t\t\t\t\t<span class=\"elementor-button-text\">WEITERLESEN<\/span>\n\t\t\t\t\t<\/span>\n\t\t\t\t\t<\/a>\n\t\t\t\t<\/div>\n\t\t\t\t\t\t\t\t<\/div>\n\t\t\t\t<\/div>\n\t\t\t\t<\/div>\n\t\t\t\t<\/div>\n\t\t<div class=\"elementor-element elementor-element-10cbdda e-con-full animated-slow e-flex elementor-invisible e-con e-parent\" data-id=\"10cbdda\" data-element_type=\"container\" data-e-type=\"container\" data-settings=\"{&quot;animation&quot;:&quot;fadeIn&quot;}\">\n\t\t<div class=\"elementor-element elementor-element-3c78cd6 e-con-full e-flex e-con e-child\" data-id=\"3c78cd6\" data-element_type=\"container\" data-e-type=\"container\">\n\t\t\t\t<div class=\"elementor-element elementor-element-9d33090 elementor-widget elementor-widget-heading\" data-id=\"9d33090\" data-element_type=\"widget\" data-e-type=\"widget\" data-widget_type=\"heading.default\">\n\t\t\t\t<div class=\"elementor-widget-container\">\n\t\t\t\t\t<h2 class=\"elementor-heading-title elementor-size-default\">Gegenlicht - Die Hoffnung stirbt zuletzt<\/h2>\t\t\t\t<\/div>\n\t\t\t\t<\/div>\n\t\t\t\t<div class=\"elementor-element elementor-element-07679d3 elementor-widget elementor-widget-text-editor\" data-id=\"07679d3\" data-element_type=\"widget\" data-e-type=\"widget\" data-widget_type=\"text-editor.default\">\n\t\t\t\t<div class=\"elementor-widget-container\">\n\t\t\t\t\t\t\t\t\t<p>Ein Buch f\u00fcr alle, die schon oft nach dem Weg in unsere Zukunft gefragt haben und noch nie eine halbwegs zufriedenstellende Antwort bekamen.<\/p>\t\t\t\t\t\t\t\t<\/div>\n\t\t\t\t<\/div>\n\t\t\t\t<div class=\"elementor-element elementor-element-beae9f3 elementor-align-center elementor-widget__width-inherit elementor-widget elementor-widget-button\" data-id=\"beae9f3\" data-element_type=\"widget\" data-e-type=\"widget\" data-widget_type=\"button.default\">\n\t\t\t\t<div class=\"elementor-widget-container\">\n\t\t\t\t\t\t\t\t\t<div class=\"elementor-button-wrapper\">\n\t\t\t\t\t<a class=\"elementor-button elementor-button-link elementor-size-sm\" href=\"https:\/\/gegenlicht-buch.de\/product\/gegen-licht-buch\/\">\n\t\t\t\t\t\t<span class=\"elementor-button-content-wrapper\">\n\t\t\t\t\t\t\t\t\t<span class=\"elementor-button-text\">JETZT VORBESTELLEN<\/span>\n\t\t\t\t\t<\/span>\n\t\t\t\t\t<\/a>\n\t\t\t\t<\/div>\n\t\t\t\t\t\t\t\t<\/div>\n\t\t\t\t<\/div>\n\t\t\t\t<\/div>\n\t\t<div class=\"elementor-element elementor-element-8d652e4 e-con-full elementor-hidden-mobile e-flex e-con e-child\" data-id=\"8d652e4\" data-element_type=\"container\" data-e-type=\"container\">\n\t\t\t\t<div class=\"elementor-element elementor-element-545cf2f elementor-widget elementor-widget-image-carousel\" data-id=\"545cf2f\" data-element_type=\"widget\" data-e-type=\"widget\" data-settings=\"{&quot;slides_to_show&quot;:&quot;1&quot;,&quot;navigation&quot;:&quot;none&quot;,&quot;effect&quot;:&quot;fade&quot;,&quot;autoplay&quot;:&quot;yes&quot;,&quot;pause_on_hover&quot;:&quot;yes&quot;,&quot;pause_on_interaction&quot;:&quot;yes&quot;,&quot;autoplay_speed&quot;:5000,&quot;infinite&quot;:&quot;yes&quot;,&quot;speed&quot;:500}\" data-widget_type=\"image-carousel.default\">\n\t\t\t\t<div class=\"elementor-widget-container\">\n\t\t\t\t\t\t\t<div class=\"elementor-image-carousel-wrapper swiper\" role=\"region\" aria-roledescription=\"carousel\" aria-label=\"Image Carousel\" dir=\"ltr\">\n\t\t\t<div class=\"elementor-image-carousel swiper-wrapper\" aria-live=\"off\">\n\t\t\t\t\t\t\t\t<div class=\"swiper-slide\" role=\"group\" aria-roledescription=\"slide\" aria-label=\"1 von 3\"><figure class=\"swiper-slide-inner\"><img decoding=\"async\" class=\"swiper-slide-image\" src=\"https:\/\/gegenlicht-buch.de\/wp-content\/uploads\/2024\/11\/buch3-1024x1024.jpg\" alt=\"gegenlicht buch\" \/><\/figure><\/div><div class=\"swiper-slide\" role=\"group\" aria-roledescription=\"slide\" aria-label=\"2 von 3\"><figure class=\"swiper-slide-inner\"><img decoding=\"async\" class=\"swiper-slide-image\" src=\"https:\/\/gegenlicht-buch.de\/wp-content\/uploads\/2024\/11\/buch1-1024x1024.jpg\" alt=\"gegenlicht buch\" \/><\/figure><\/div><div class=\"swiper-slide\" role=\"group\" aria-roledescription=\"slide\" aria-label=\"3 von 3\"><figure class=\"swiper-slide-inner\"><img decoding=\"async\" class=\"swiper-slide-image\" src=\"https:\/\/gegenlicht-buch.de\/wp-content\/uploads\/2024\/11\/buch2-1024x1024.jpg\" alt=\"gegenlicht buch\" \/><\/figure><\/div>\t\t\t<\/div>\n\t\t\t\t\t\t\t\n\t\t\t\t\t\t\t\t\t<\/div>\n\t\t\t\t\t\t<\/div>\n\t\t\t\t<\/div>\n\t\t\t\t<\/div>\n\t\t\t\t<\/div>\n\t\t\t\t<\/div>\n\t\t","protected":false},"excerpt":{"rendered":"<p>Leseprobe Sie sind beim Zauberberg von Thomas Mann beim ersten Anlauf auch nach kurzer Zeit gescheitert, weil Sie nicht \u00fcber [&hellip;]<\/p>\n","protected":false},"author":2,"featured_media":0,"parent":0,"menu_order":0,"comment_status":"closed","ping_status":"closed","template":"","meta":{"site-sidebar-layout":"no-sidebar","site-content-layout":"","ast-site-content-layout":"full-width-container","site-content-style":"default","site-sidebar-style":"default","ast-global-header-display":"","ast-banner-title-visibility":"","ast-main-header-display":"","ast-hfb-above-header-display":"","ast-hfb-below-header-display":"","ast-hfb-mobile-header-display":"","site-post-title":"disabled","ast-breadcrumbs-content":"","ast-featured-img":"disabled","footer-sml-layout":"","ast-disable-related-posts":"","theme-transparent-header-meta":"","adv-header-id-meta":"","stick-header-meta":"","header-above-stick-meta":"","header-main-stick-meta":"","header-below-stick-meta":"","astra-migrate-meta-layouts":"default","ast-page-background-enabled":"default","ast-page-background-meta":{"desktop":{"background-color":"var(--ast-global-color-4)","background-image":"","background-repeat":"repeat","background-position":"center center","background-size":"auto","background-attachment":"scroll","background-type":"","background-media":"","overlay-type":"","overlay-color":"","overlay-opacity":"","overlay-gradient":""},"tablet":{"background-color":"","background-image":"","background-repeat":"repeat","background-position":"center center","background-size":"auto","background-attachment":"scroll","background-type":"","background-media":"","overlay-type":"","overlay-color":"","overlay-opacity":"","overlay-gradient":""},"mobile":{"background-color":"","background-image":"","background-repeat":"repeat","background-position":"center center","background-size":"auto","background-attachment":"scroll","background-type":"","background-media":"","overlay-type":"","overlay-color":"","overlay-opacity":"","overlay-gradient":""}},"ast-content-background-meta":{"desktop":{"background-color":"var(--ast-global-color-5)","background-image":"","background-repeat":"repeat","background-position":"center center","background-size":"auto","background-attachment":"scroll","background-type":"","background-media":"","overlay-type":"","overlay-color":"","overlay-opacity":"","overlay-gradient":""},"tablet":{"background-color":"var(--ast-global-color-5)","background-image":"","background-repeat":"repeat","background-position":"center center","background-size":"auto","background-attachment":"scroll","background-type":"","background-media":"","overlay-type":"","overlay-color":"","overlay-opacity":"","overlay-gradient":""},"mobile":{"background-color":"var(--ast-global-color-5)","background-image":"","background-repeat":"repeat","background-position":"center center","background-size":"auto","background-attachment":"scroll","background-type":"","background-media":"","overlay-type":"","overlay-color":"","overlay-opacity":"","overlay-gradient":""}},"footnotes":""},"class_list":["post-639","page","type-page","status-publish","hentry"],"yoast_head":"<!-- This site is optimized with the Yoast SEO plugin v26.8 - https:\/\/yoast.com\/product\/yoast-seo-wordpress\/ -->\n<title>Leseprobe Buch 1 - Gegenlicht Buch<\/title>\n<meta name=\"robots\" content=\"index, follow, max-snippet:-1, max-image-preview:large, max-video-preview:-1\" \/>\n<link rel=\"canonical\" href=\"https:\/\/gegenlicht-buch.de\/gegenlicht-buch\/leseprobe-buch-1-2\/\" \/>\n<meta property=\"og:locale\" content=\"de_DE\" \/>\n<meta property=\"og:type\" content=\"article\" \/>\n<meta property=\"og:title\" content=\"Leseprobe Buch 1 - Gegenlicht Buch\" \/>\n<meta property=\"og:description\" content=\"Leseprobe Sie sind beim Zauberberg von Thomas Mann beim ersten Anlauf auch nach kurzer Zeit gescheitert, weil Sie nicht \u00fcber [&hellip;]\" \/>\n<meta property=\"og:url\" content=\"https:\/\/gegenlicht-buch.de\/gegenlicht-buch\/leseprobe-buch-1-2\/\" \/>\n<meta property=\"og:site_name\" content=\"Gegenlicht Buch\" \/>\n<meta property=\"article:modified_time\" content=\"2026-04-19T22:16:08+00:00\" \/>\n<meta property=\"og:image\" content=\"http:\/\/gegenlicht-buch.de\/wp-content\/uploads\/2024\/11\/buch3-1024x1024.jpg\" \/>\n<meta name=\"twitter:card\" content=\"summary_large_image\" \/>\n<meta name=\"twitter:label1\" content=\"Gesch\u00e4tzte Lesezeit\" \/>\n\t<meta name=\"twitter:data1\" content=\"4\u00a0Minuten\" \/>\n<script type=\"application\/ld+json\" class=\"yoast-schema-graph\">{\"@context\":\"https:\/\/schema.org\",\"@graph\":[{\"@type\":\"WebPage\",\"@id\":\"https:\/\/gegenlicht-buch.de\/gegenlicht-buch\/leseprobe-buch-1-2\/\",\"url\":\"https:\/\/gegenlicht-buch.de\/gegenlicht-buch\/leseprobe-buch-1-2\/\",\"name\":\"Leseprobe Buch 1 - Gegenlicht Buch\",\"isPartOf\":{\"@id\":\"https:\/\/gegenlicht-buch.de\/gegenlicht-buch\/#website\"},\"primaryImageOfPage\":{\"@id\":\"https:\/\/gegenlicht-buch.de\/gegenlicht-buch\/leseprobe-buch-1-2\/#primaryimage\"},\"image\":{\"@id\":\"https:\/\/gegenlicht-buch.de\/gegenlicht-buch\/leseprobe-buch-1-2\/#primaryimage\"},\"thumbnailUrl\":\"http:\/\/gegenlicht-buch.de\/wp-content\/uploads\/2024\/11\/buch3-1024x1024.jpg\",\"datePublished\":\"2026-04-19T21:59:09+00:00\",\"dateModified\":\"2026-04-19T22:16:08+00:00\",\"breadcrumb\":{\"@id\":\"https:\/\/gegenlicht-buch.de\/gegenlicht-buch\/leseprobe-buch-1-2\/#breadcrumb\"},\"inLanguage\":\"de\",\"potentialAction\":[{\"@type\":\"ReadAction\",\"target\":[\"https:\/\/gegenlicht-buch.de\/gegenlicht-buch\/leseprobe-buch-1-2\/\"]}]},{\"@type\":\"ImageObject\",\"inLanguage\":\"de\",\"@id\":\"https:\/\/gegenlicht-buch.de\/gegenlicht-buch\/leseprobe-buch-1-2\/#primaryimage\",\"url\":\"http:\/\/gegenlicht-buch.de\/wp-content\/uploads\/2024\/11\/buch3-1024x1024.jpg\",\"contentUrl\":\"http:\/\/gegenlicht-buch.de\/wp-content\/uploads\/2024\/11\/buch3-1024x1024.jpg\"},{\"@type\":\"BreadcrumbList\",\"@id\":\"https:\/\/gegenlicht-buch.de\/gegenlicht-buch\/leseprobe-buch-1-2\/#breadcrumb\",\"itemListElement\":[{\"@type\":\"ListItem\",\"position\":1,\"name\":\"Home\",\"item\":\"https:\/\/gegenlicht-buch.de\/gegenlicht-buch\/\"},{\"@type\":\"ListItem\",\"position\":2,\"name\":\"Leseprobe Buch 1\"}]},{\"@type\":\"WebSite\",\"@id\":\"https:\/\/gegenlicht-buch.de\/gegenlicht-buch\/#website\",\"url\":\"https:\/\/gegenlicht-buch.de\/gegenlicht-buch\/\",\"name\":\"Gegen Licht\",\"description\":\"Hier finden Sie das Buch, dass Antorten auf so viele Fragen liefert, die Sie schon lange besch\u00e4ftigen.\",\"publisher\":{\"@id\":\"https:\/\/gegenlicht-buch.de\/gegenlicht-buch\/#organization\"},\"potentialAction\":[{\"@type\":\"SearchAction\",\"target\":{\"@type\":\"EntryPoint\",\"urlTemplate\":\"https:\/\/gegenlicht-buch.de\/gegenlicht-buch\/?s={search_term_string}\"},\"query-input\":{\"@type\":\"PropertyValueSpecification\",\"valueRequired\":true,\"valueName\":\"search_term_string\"}}],\"inLanguage\":\"de\"},{\"@type\":\"Organization\",\"@id\":\"https:\/\/gegenlicht-buch.de\/gegenlicht-buch\/#organization\",\"name\":\"Gegen Licht\",\"url\":\"https:\/\/gegenlicht-buch.de\/gegenlicht-buch\/\",\"logo\":{\"@type\":\"ImageObject\",\"inLanguage\":\"de\",\"@id\":\"https:\/\/gegenlicht-buch.de\/gegenlicht-buch\/#\/schema\/logo\/image\/\",\"url\":\"https:\/\/gegenlicht-buch.de\/wp-content\/uploads\/2024\/11\/sw_logo.png\",\"contentUrl\":\"https:\/\/gegenlicht-buch.de\/wp-content\/uploads\/2024\/11\/sw_logo.png\",\"width\":861,\"height\":129,\"caption\":\"Gegen Licht\"},\"image\":{\"@id\":\"https:\/\/gegenlicht-buch.de\/gegenlicht-buch\/#\/schema\/logo\/image\/\"}}]}<\/script>\n<!-- \/ Yoast SEO plugin. -->","yoast_head_json":{"title":"Leseprobe Buch 1 - Gegenlicht Buch","robots":{"index":"index","follow":"follow","max-snippet":"max-snippet:-1","max-image-preview":"max-image-preview:large","max-video-preview":"max-video-preview:-1"},"canonical":"https:\/\/gegenlicht-buch.de\/gegenlicht-buch\/leseprobe-buch-1-2\/","og_locale":"de_DE","og_type":"article","og_title":"Leseprobe Buch 1 - Gegenlicht Buch","og_description":"Leseprobe Sie sind beim Zauberberg von Thomas Mann beim ersten Anlauf auch nach kurzer Zeit gescheitert, weil Sie nicht \u00fcber [&hellip;]","og_url":"https:\/\/gegenlicht-buch.de\/gegenlicht-buch\/leseprobe-buch-1-2\/","og_site_name":"Gegenlicht Buch","article_modified_time":"2026-04-19T22:16:08+00:00","og_image":[{"url":"http:\/\/gegenlicht-buch.de\/wp-content\/uploads\/2024\/11\/buch3-1024x1024.jpg","type":"","width":"","height":""}],"twitter_card":"summary_large_image","twitter_misc":{"Gesch\u00e4tzte Lesezeit":"4\u00a0Minuten"},"schema":{"@context":"https:\/\/schema.org","@graph":[{"@type":"WebPage","@id":"https:\/\/gegenlicht-buch.de\/gegenlicht-buch\/leseprobe-buch-1-2\/","url":"https:\/\/gegenlicht-buch.de\/gegenlicht-buch\/leseprobe-buch-1-2\/","name":"Leseprobe Buch 1 - Gegenlicht Buch","isPartOf":{"@id":"https:\/\/gegenlicht-buch.de\/gegenlicht-buch\/#website"},"primaryImageOfPage":{"@id":"https:\/\/gegenlicht-buch.de\/gegenlicht-buch\/leseprobe-buch-1-2\/#primaryimage"},"image":{"@id":"https:\/\/gegenlicht-buch.de\/gegenlicht-buch\/leseprobe-buch-1-2\/#primaryimage"},"thumbnailUrl":"http:\/\/gegenlicht-buch.de\/wp-content\/uploads\/2024\/11\/buch3-1024x1024.jpg","datePublished":"2026-04-19T21:59:09+00:00","dateModified":"2026-04-19T22:16:08+00:00","breadcrumb":{"@id":"https:\/\/gegenlicht-buch.de\/gegenlicht-buch\/leseprobe-buch-1-2\/#breadcrumb"},"inLanguage":"de","potentialAction":[{"@type":"ReadAction","target":["https:\/\/gegenlicht-buch.de\/gegenlicht-buch\/leseprobe-buch-1-2\/"]}]},{"@type":"ImageObject","inLanguage":"de","@id":"https:\/\/gegenlicht-buch.de\/gegenlicht-buch\/leseprobe-buch-1-2\/#primaryimage","url":"http:\/\/gegenlicht-buch.de\/wp-content\/uploads\/2024\/11\/buch3-1024x1024.jpg","contentUrl":"http:\/\/gegenlicht-buch.de\/wp-content\/uploads\/2024\/11\/buch3-1024x1024.jpg"},{"@type":"BreadcrumbList","@id":"https:\/\/gegenlicht-buch.de\/gegenlicht-buch\/leseprobe-buch-1-2\/#breadcrumb","itemListElement":[{"@type":"ListItem","position":1,"name":"Home","item":"https:\/\/gegenlicht-buch.de\/gegenlicht-buch\/"},{"@type":"ListItem","position":2,"name":"Leseprobe Buch 1"}]},{"@type":"WebSite","@id":"https:\/\/gegenlicht-buch.de\/gegenlicht-buch\/#website","url":"https:\/\/gegenlicht-buch.de\/gegenlicht-buch\/","name":"Gegen Licht","description":"Hier finden Sie das Buch, dass Antorten auf so viele Fragen liefert, die Sie schon lange besch\u00e4ftigen.","publisher":{"@id":"https:\/\/gegenlicht-buch.de\/gegenlicht-buch\/#organization"},"potentialAction":[{"@type":"SearchAction","target":{"@type":"EntryPoint","urlTemplate":"https:\/\/gegenlicht-buch.de\/gegenlicht-buch\/?s={search_term_string}"},"query-input":{"@type":"PropertyValueSpecification","valueRequired":true,"valueName":"search_term_string"}}],"inLanguage":"de"},{"@type":"Organization","@id":"https:\/\/gegenlicht-buch.de\/gegenlicht-buch\/#organization","name":"Gegen Licht","url":"https:\/\/gegenlicht-buch.de\/gegenlicht-buch\/","logo":{"@type":"ImageObject","inLanguage":"de","@id":"https:\/\/gegenlicht-buch.de\/gegenlicht-buch\/#\/schema\/logo\/image\/","url":"https:\/\/gegenlicht-buch.de\/wp-content\/uploads\/2024\/11\/sw_logo.png","contentUrl":"https:\/\/gegenlicht-buch.de\/wp-content\/uploads\/2024\/11\/sw_logo.png","width":861,"height":129,"caption":"Gegen Licht"},"image":{"@id":"https:\/\/gegenlicht-buch.de\/gegenlicht-buch\/#\/schema\/logo\/image\/"}}]}},"_links":{"self":[{"href":"https:\/\/gegenlicht-buch.de\/gegenlicht-buch\/wp-json\/wp\/v2\/pages\/639","targetHints":{"allow":["GET"]}}],"collection":[{"href":"https:\/\/gegenlicht-buch.de\/gegenlicht-buch\/wp-json\/wp\/v2\/pages"}],"about":[{"href":"https:\/\/gegenlicht-buch.de\/gegenlicht-buch\/wp-json\/wp\/v2\/types\/page"}],"author":[{"embeddable":true,"href":"https:\/\/gegenlicht-buch.de\/gegenlicht-buch\/wp-json\/wp\/v2\/users\/2"}],"replies":[{"embeddable":true,"href":"https:\/\/gegenlicht-buch.de\/gegenlicht-buch\/wp-json\/wp\/v2\/comments?post=639"}],"version-history":[{"count":11,"href":"https:\/\/gegenlicht-buch.de\/gegenlicht-buch\/wp-json\/wp\/v2\/pages\/639\/revisions"}],"predecessor-version":[{"id":658,"href":"https:\/\/gegenlicht-buch.de\/gegenlicht-buch\/wp-json\/wp\/v2\/pages\/639\/revisions\/658"}],"wp:attachment":[{"href":"https:\/\/gegenlicht-buch.de\/gegenlicht-buch\/wp-json\/wp\/v2\/media?parent=639"}],"curies":[{"name":"wp","href":"https:\/\/api.w.org\/{rel}","templated":true}]}}